{"id":577,"date":"2018-09-17T08:52:33","date_gmt":"2018-09-17T06:52:33","guid":{"rendered":"http:\/\/anikateller.com\/?page_id=577"},"modified":"2021-02-12T21:32:06","modified_gmt":"2021-02-12T20:32:06","slug":"impressum","status":"publish","type":"page","link":"https:\/\/anikateller.com\/?page_id=577","title":{"rendered":"Impressum"},"content":{"rendered":"<div class=\"flex_column av_one_full  flex_column_div av-zero-column-padding first  \" style='border-radius:0px; '><p><div style='padding-bottom:10px; ' class='av-special-heading av-special-heading-h3     '><h3 class='av-special-heading-tag '  itemprop=\"headline\"  >Impressum<\/h3><div class='special-heading-border'><div class='special-heading-inner-border' ><\/div><\/div><\/div><br \/>\n<section class=\"av_textblock_section \"  itemscope=\"itemscope\" itemtype=\"https:\/\/schema.org\/CreativeWork\" ><div class='avia_textblock  '   itemprop=\"text\" ><p>Diese Website wurde realisiert durch:\u00a0<strong>Maui Entertainment<\/strong><\/p>\n<p>Maui Entertainment GmbH<br \/>\nB\u00f6rnestra\u00dfe 24<br \/>\n13086 Berlin<\/p>\n<p>Amtsgericht Berlin Charlottenburg\u00a0HRB 224302 B<\/p>\n<p>Steuernummer: i.G. \/ USt..ID: \u00a0i.G.<\/p>\n<p>Gesch\u00e4ftsf\u00fchrerin: Christiane Schreitm\u00fcller<\/p>\n<\/div><\/section><\/p><\/div>\n","protected":false},"excerpt":{"rendered":"","protected":false},"author":1,"featured_media":0,"parent":0,"menu_order":0,"comment_status":"closed","ping_status":"closed","template":"","meta":[],"_links":{"self":[{"href":"https:\/\/anikateller.com\/index.php?rest_route=\/wp\/v2\/pages\/577"}],"collection":[{"href":"https:\/\/anikateller.com\/index.php?rest_route=\/wp\/v2\/pages"}],"about":[{"href":"https:\/\/anikateller.com\/index.php?rest_route=\/wp\/v2\/types\/page"}],"author":[{"embeddable":true,"href":"https:\/\/anikateller.com\/index.php?rest_route=\/wp\/v2\/users\/1"}],"replies":[{"embeddable":true,"href":"https:\/\/anikateller.com\/index.php?rest_route=%2Fwp%2Fv2%2Fcomments&post=577"}],"version-history":[{"count":4,"href":"https:\/\/anikateller.com\/index.php?rest_route=\/wp\/v2\/pages\/577\/revisions"}],"predecessor-version":[{"id":777,"href":"https:\/\/anikateller.com\/index.php?rest_route=\/wp\/v2\/pages\/577\/revisions\/777"}],"wp:attachment":[{"href":"https:\/\/anikateller.com\/index.php?rest_route=%2Fwp%2Fv2%2Fmedia&parent=577"}],"curies":[{"name":"wp","href":"https:\/\/api.w.org\/{rel}","templated":true}]}}